{"id":4048,"date":"2026-02-02T13:37:07","date_gmt":"2026-02-02T13:37:07","guid":{"rendered":"https:\/\/gomera24.ricardotours.com\/?page_id=4048"},"modified":"2026-02-04T13:33:16","modified_gmt":"2026-02-04T13:33:16","slug":"google-translations-of-the-site","status":"publish","type":"page","link":"https:\/\/gomera24.ricardotours.com\/?page_id=4048","title":{"rendered":"Google translations of the site"},"content":{"rendered":"<p><span style=\"font-family: arial black, sans-serif;\">Homepage with imprint (Google translation on 2 February 2026)<\/span><\/p>\n<p><a href=\"https:\/\/gomera24.ricardotours.com\/wp-content\/uploads\/2026\/02\/RicardoTours-\u2013-Tours-on-La-Gomera.pdf\"><span style=\"background-color: #00f200;\"><span style=\"font-family: arial black, sans-serif;\"><strong>RicardoTours \u2013 Tours on La Gomera<\/strong> (E\/US)<\/span>&#8211; click to open pdf file<\/span><\/a><\/p>\n<p><span style=\"font-family: arial black, sans-serif; background-color: #00f279;\"><strong><a style=\"background-color: #00f279;\" href=\"https:\/\/gomera24.ricardotours.com\/wp-content\/uploads\/2026\/02\/RicardoTours-\u2013-Tour-a-La-Gomera.pdf\">RicardoTours \u2013 Tour a La Gomera<\/a> <\/strong>(I)\u00a0<\/span><\/p>\n<p><strong><a href=\"https:\/\/gomera24.ricardotours.com\/wp-content\/uploads\/2026\/02\/Ofertas-de-tours-en-La-Gomera-en-dias-de-crucero-\u2013-RicardoTours.pdf\"><span style=\"background-color: #00f279;\">RicardoTours &#8211; Tours en La Gomera (ES)<\/span><\/a><\/strong><\/p>\n<p>You can obtain instant translations of each page of this site by clicking on the bars or dots in the upper right corner and next choose &#8220;TRANSLATION&#8221; in the opening menu.<br \/>\nThe pdf-files listed above are the saved versions of translations obtained that way.<\/p>\n<p>\u00c8 possibile ottenere traduzioni istantanee di ogni pagina di questo sito cliccando sulle barre o puntini nell\u2019angolo in alto a destra e successivamente scegliere \u201cTRASLAZIONE\u201d nel menu di apertura.<br \/>\nI file pdf sopra elencati sono le versioni salvate delle traduzioni ottenute in questo modo.<\/p>\n<p>Puede obtener traducciones instant\u00e1neas de cada p\u00e1gina de este sitio haciendo clic en las barras o puntos en la esquina superior derecha y luego elegir &#8220;TRADUCCI\u00d3N&#8221; en el men\u00fa de apertura.<br \/>\nLos archivos pdf enumerados anteriormente son las versiones guardadas de las traducciones obtenidas de esa manera.<\/p>\n<p>&nbsp;<\/p>\n","protected":false},"excerpt":{"rendered":"<p>Homepage with imprint (Google translation on 2 February 2026) RicardoTours \u2013 Tours on La Gomera (E\/US)&#8211; click to open pdf file RicardoTours \u2013 Tour a La Gomera (I)\u00a0 RicardoTours &#8211; Tours en La Gomera (ES) You can obtain instant translations of each page of this site by clicking on the bars or dots in the &hellip; <a href=\"https:\/\/gomera24.ricardotours.com\/?page_id=4048\" class=\"more-link\"><span class=\"screen-reader-text\">\u201eGoogle translations of the site\u201c<\/span> weiterlesen<\/a><\/p>\n","protected":false},"author":1,"featured_media":0,"parent":0,"menu_order":0,"comment_status":"closed","ping_status":"closed","template":"","meta":{"footnotes":""},"class_list":["post-4048","page","type-page","status-publish","hentry"],"yoast_head":"<!-- This site is optimized with the Yoast SEO plugin v27.4 - https:\/\/yoast.com\/product\/yoast-seo-wordpress\/ -->\n<title>Google translations of the site - RicardoTours<\/title>\n<meta name=\"description\" content=\"Translations of this site\" \/>\n<meta name=\"robots\" content=\"index, follow, max-snippet:-1, max-image-preview:large, max-video-preview:-1\" \/>\n<link rel=\"canonical\" href=\"https:\/\/gomera24.ricardotours.com\/?page_id=4048\" \/>\n<meta property=\"og:locale\" content=\"de_DE\" \/>\n<meta property=\"og:type\" content=\"article\" \/>\n<meta property=\"og:title\" content=\"Google translations of the site - RicardoTours\" \/>\n<meta property=\"og:description\" content=\"Translations of this site\" \/>\n<meta property=\"og:url\" content=\"https:\/\/gomera24.ricardotours.com\/?page_id=4048\" \/>\n<meta property=\"og:site_name\" content=\"RicardoTours\" \/>\n<meta property=\"article:modified_time\" content=\"2026-02-04T13:33:16+00:00\" \/>\n<meta name=\"twitter:card\" content=\"summary_large_image\" \/>\n<meta name=\"twitter:label1\" content=\"Est. reading time\" \/>\n\t<meta name=\"twitter:data1\" content=\"1 Minute\" \/>\n<script type=\"application\/ld+json\" class=\"yoast-schema-graph\">{\"@context\":\"https:\\\/\\\/schema.org\",\"@graph\":[{\"@type\":\"WebPage\",\"@id\":\"https:\\\/\\\/gomera24.ricardotours.com\\\/?page_id=4048\",\"url\":\"https:\\\/\\\/gomera24.ricardotours.com\\\/?page_id=4048\",\"name\":\"Google translations of the site - RicardoTours\",\"isPartOf\":{\"@id\":\"https:\\\/\\\/gomera24.ricardotours.com\\\/#website\"},\"datePublished\":\"2026-02-02T13:37:07+00:00\",\"dateModified\":\"2026-02-04T13:33:16+00:00\",\"description\":\"Translations of this site\",\"breadcrumb\":{\"@id\":\"https:\\\/\\\/gomera24.ricardotours.com\\\/?page_id=4048#breadcrumb\"},\"inLanguage\":\"de-DE\",\"potentialAction\":[{\"@type\":\"ReadAction\",\"target\":[\"https:\\\/\\\/gomera24.ricardotours.com\\\/?page_id=4048\"]}]},{\"@type\":\"BreadcrumbList\",\"@id\":\"https:\\\/\\\/gomera24.ricardotours.com\\\/?page_id=4048#breadcrumb\",\"itemListElement\":[{\"@type\":\"ListItem\",\"position\":1,\"name\":\"Home\",\"item\":\"https:\\\/\\\/gomera24.ricardotours.com\\\/\"},{\"@type\":\"ListItem\",\"position\":2,\"name\":\"Google translations of the site\"}]},{\"@type\":\"WebSite\",\"@id\":\"https:\\\/\\\/gomera24.ricardotours.com\\\/#website\",\"url\":\"https:\\\/\\\/gomera24.ricardotours.com\\\/\",\"name\":\"RicardoTours\",\"description\":\"Rundfahrten auf La Gomera\",\"publisher\":{\"@id\":\"https:\\\/\\\/gomera24.ricardotours.com\\\/#organization\"},\"potentialAction\":[{\"@type\":\"SearchAction\",\"target\":{\"@type\":\"EntryPoint\",\"urlTemplate\":\"https:\\\/\\\/gomera24.ricardotours.com\\\/?s={search_term_string}\"},\"query-input\":{\"@type\":\"PropertyValueSpecification\",\"valueRequired\":true,\"valueName\":\"search_term_string\"}}],\"inLanguage\":\"de-DE\"},{\"@type\":\"Organization\",\"@id\":\"https:\\\/\\\/gomera24.ricardotours.com\\\/#organization\",\"name\":\"RicardoTours\",\"url\":\"https:\\\/\\\/gomera24.ricardotours.com\\\/\",\"logo\":{\"@type\":\"ImageObject\",\"inLanguage\":\"de-DE\",\"@id\":\"https:\\\/\\\/gomera24.ricardotours.com\\\/#\\\/schema\\\/logo\\\/image\\\/\",\"url\":\"https:\\\/\\\/gomera24.ricardotours.com\\\/wp-content\\\/uploads\\\/2017\\\/11\\\/walkingselfie.jpg\",\"contentUrl\":\"https:\\\/\\\/gomera24.ricardotours.com\\\/wp-content\\\/uploads\\\/2017\\\/11\\\/walkingselfie.jpg\",\"width\":640,\"height\":640,\"caption\":\"RicardoTours\"},\"image\":{\"@id\":\"https:\\\/\\\/gomera24.ricardotours.com\\\/#\\\/schema\\\/logo\\\/image\\\/\"}}]}<\/script>\n<!-- \/ Yoast SEO plugin. -->","yoast_head_json":{"title":"Google translations of the site - RicardoTours","description":"Translations of this site","robots":{"index":"index","follow":"follow","max-snippet":"max-snippet:-1","max-image-preview":"max-image-preview:large","max-video-preview":"max-video-preview:-1"},"canonical":"https:\/\/gomera24.ricardotours.com\/?page_id=4048","og_locale":"de_DE","og_type":"article","og_title":"Google translations of the site - RicardoTours","og_description":"Translations of this site","og_url":"https:\/\/gomera24.ricardotours.com\/?page_id=4048","og_site_name":"RicardoTours","article_modified_time":"2026-02-04T13:33:16+00:00","twitter_card":"summary_large_image","twitter_misc":{"Est. reading time":"1 Minute"},"schema":{"@context":"https:\/\/schema.org","@graph":[{"@type":"WebPage","@id":"https:\/\/gomera24.ricardotours.com\/?page_id=4048","url":"https:\/\/gomera24.ricardotours.com\/?page_id=4048","name":"Google translations of the site - RicardoTours","isPartOf":{"@id":"https:\/\/gomera24.ricardotours.com\/#website"},"datePublished":"2026-02-02T13:37:07+00:00","dateModified":"2026-02-04T13:33:16+00:00","description":"Translations of this site","breadcrumb":{"@id":"https:\/\/gomera24.ricardotours.com\/?page_id=4048#breadcrumb"},"inLanguage":"de-DE","potentialAction":[{"@type":"ReadAction","target":["https:\/\/gomera24.ricardotours.com\/?page_id=4048"]}]},{"@type":"BreadcrumbList","@id":"https:\/\/gomera24.ricardotours.com\/?page_id=4048#breadcrumb","itemListElement":[{"@type":"ListItem","position":1,"name":"Home","item":"https:\/\/gomera24.ricardotours.com\/"},{"@type":"ListItem","position":2,"name":"Google translations of the site"}]},{"@type":"WebSite","@id":"https:\/\/gomera24.ricardotours.com\/#website","url":"https:\/\/gomera24.ricardotours.com\/","name":"RicardoTours","description":"Rundfahrten auf La Gomera","publisher":{"@id":"https:\/\/gomera24.ricardotours.com\/#organization"},"potentialAction":[{"@type":"SearchAction","target":{"@type":"EntryPoint","urlTemplate":"https:\/\/gomera24.ricardotours.com\/?s={search_term_string}"},"query-input":{"@type":"PropertyValueSpecification","valueRequired":true,"valueName":"search_term_string"}}],"inLanguage":"de-DE"},{"@type":"Organization","@id":"https:\/\/gomera24.ricardotours.com\/#organization","name":"RicardoTours","url":"https:\/\/gomera24.ricardotours.com\/","logo":{"@type":"ImageObject","inLanguage":"de-DE","@id":"https:\/\/gomera24.ricardotours.com\/#\/schema\/logo\/image\/","url":"https:\/\/gomera24.ricardotours.com\/wp-content\/uploads\/2017\/11\/walkingselfie.jpg","contentUrl":"https:\/\/gomera24.ricardotours.com\/wp-content\/uploads\/2017\/11\/walkingselfie.jpg","width":640,"height":640,"caption":"RicardoTours"},"image":{"@id":"https:\/\/gomera24.ricardotours.com\/#\/schema\/logo\/image\/"}}]}},"_links":{"self":[{"href":"https:\/\/gomera24.ricardotours.com\/index.php?rest_route=\/wp\/v2\/pages\/4048","targetHints":{"allow":["GET"]}}],"collection":[{"href":"https:\/\/gomera24.ricardotours.com\/index.php?rest_route=\/wp\/v2\/pages"}],"about":[{"href":"https:\/\/gomera24.ricardotours.com\/index.php?rest_route=\/wp\/v2\/types\/page"}],"author":[{"embeddable":true,"href":"https:\/\/gomera24.ricardotours.com\/index.php?rest_route=\/wp\/v2\/users\/1"}],"replies":[{"embeddable":true,"href":"https:\/\/gomera24.ricardotours.com\/index.php?rest_route=%2Fwp%2Fv2%2Fcomments&post=4048"}],"version-history":[{"count":11,"href":"https:\/\/gomera24.ricardotours.com\/index.php?rest_route=\/wp\/v2\/pages\/4048\/revisions"}],"predecessor-version":[{"id":4065,"href":"https:\/\/gomera24.ricardotours.com\/index.php?rest_route=\/wp\/v2\/pages\/4048\/revisions\/4065"}],"wp:attachment":[{"href":"https:\/\/gomera24.ricardotours.com\/index.php?rest_route=%2Fwp%2Fv2%2Fmedia&parent=4048"}],"curies":[{"name":"wp","href":"https:\/\/api.w.org\/{rel}","templated":true}]}}